{"id":21,"date":"2021-05-30T13:09:19","date_gmt":"2021-05-30T13:09:19","guid":{"rendered":"https:\/\/good8.at\/?page_id=21"},"modified":"2021-05-30T14:24:18","modified_gmt":"2021-05-30T14:24:18","slug":"impressum","status":"publish","type":"page","link":"https:\/\/good8.at\/?page_id=21","title":{"rendered":"Impressum"},"content":{"rendered":"\n<p><strong>F\u00fcr den Inhalt verantwortlich<\/strong><br>Good8  Ziviltechnikerb\u00fcro<br>Glemmerstra\u00dfe 155<br>E-Mail office@good8.at<br>Homepage:\u00a0<a href=\"https:\/\/www.lakata.at\/\">www.good8.at<\/a><\/p>\n\n\n\n<p><br>Mitglied der Kammer der ZiviltechnikerInnen\/ArchitektInnen und IngenieurInnen<\/p>\n\n\n\n<p><strong>Rechtliche Hinweise<\/strong><br>Die Informationen auf dieser Website wurden mit gr\u00f6\u00dftm\u00f6glicher Sorgfalt zusammengestellt und werden laufend hinsichtlich Aktualit\u00e4t und Richtigkeit \u00fcberarbeitet. Dennoch kann es zu unbeabsichtigten und zuf\u00e4lligen Fehlern kommen.<\/p>\n\n\n\n<p>Good8 Ziviltechnikerb\u00fcro schlie\u00dft jegliche Haftung und Gew\u00e4hrleistung f\u00fcr die auf dieser Website zur Verf\u00fcgung gestellten Informationen und f\u00fcr m\u00f6gliche Folgen, die aus der Nutzung der Information resultieren aus. Dies gilt insbesondere auch f\u00fcr Websites, die \u00fcber Hyper-Links zug\u00e4ngig sind und nicht von uns betrieben werden.<\/p>\n\n\n\n<p>Good8 Ziviltechnikerb\u00fcro beh\u00e4lt sich das Recht vor, \u00c4nderungen und Erg\u00e4nzungen der bereitgestellten Informationen ohne vorherige Ank\u00fcndigung durchzuf\u00fchren.<br>Good8 Ziviltechnikerb\u00fcro lehnt jegliche Haftung f\u00fcr Sch\u00e4den, einschlie\u00dflich Folgesch\u00e4den, die im Zusammenhang mit der Nutzung der auf der Website bereitgestellten Informationen entstanden sind, ab.<\/p>\n\n\n\n<p>Um die Lesbarkeit zu vereinfachen, wird bei manchen Inhalten auf die zus\u00e4tzliche Formulierung der weiblichen Form verzichtet. Wir m\u00f6chten Sie deshalb darauf hinweisen, dass die ausschlie\u00dfliche Verwendung der m\u00e4nnlichen Form im Einzelfall explizit als geschlechtsunabh\u00e4ngig verstanden werden soll.<\/p>\n\n\n\n<p><strong>Copyright<\/strong><br>Sofern nicht anders angegeben, liegt das Urheberrecht aller auf dieser Website bereitgestellten Inhalte ausschlie\u00dflich bei der Good8 Ziviltechnikerb\u00fcro.&nbsp;<br>Alle anderen auf dieser Website angef\u00fchrten Markenzeichen, Produktnamen und Firmennamen bzw. -logos sind das Alleineigentum der Good8 Ziviltechnikerb\u00fcro bzw. der jeweiligen Besitzer.<br>Jede andere Verwendung der auf dieser Website verf\u00fcgbaren Materialien bzw. Informationen \u2013 inklusive der Reproduktion, des Weitervertriebs, der Ver\u00e4nderung und der Ver\u00f6ffentlichung zu einem anderen als dem oben genannten Zweck \u2013 ist untersagt, es sei denn, Good8 Ziviltechnikerb\u00fcro hat dem vorher schriftlich zugestimmt.<\/p>\n","protected":false},"excerpt":{"rendered":"<p>F\u00fcr den Inhalt verantwortlichGood8 Ziviltechnikerb\u00fcroGlemmerstra\u00dfe 155E-Mail office@good8.atHomepage:\u00a0www.good8.at Mitglied der Kammer der ZiviltechnikerInnen\/ArchitektInnen und IngenieurInnen Rechtliche HinweiseDie Informationen auf dieser Website wurden mit gr\u00f6\u00dftm\u00f6glicher Sorgfalt zusammengestellt und werden laufend hinsichtlich Aktualit\u00e4t und Richtigkeit \u00fcberarbeitet. Dennoch kann es zu unbeabsichtigten und zuf\u00e4lligen<\/p>\n","protected":false},"author":2,"featured_media":0,"parent":0,"menu_order":0,"comment_status":"closed","ping_status":"closed","template":"","meta":{"footnotes":""},"class_list":["post-21","page","type-page","status-publish","hentry"],"_links":{"self":[{"href":"https:\/\/good8.at\/index.php?rest_route=\/wp\/v2\/pages\/21","targetHints":{"allow":["GET"]}}],"collection":[{"href":"https:\/\/good8.at\/index.php?rest_route=\/wp\/v2\/pages"}],"about":[{"href":"https:\/\/good8.at\/index.php?rest_route=\/wp\/v2\/types\/page"}],"author":[{"embeddable":true,"href":"https:\/\/good8.at\/index.php?rest_route=\/wp\/v2\/users\/2"}],"replies":[{"embeddable":true,"href":"https:\/\/good8.at\/index.php?rest_route=%2Fwp%2Fv2%2Fcomments&post=21"}],"version-history":[{"count":8,"href":"https:\/\/good8.at\/index.php?rest_route=\/wp\/v2\/pages\/21\/revisions"}],"predecessor-version":[{"id":92,"href":"https:\/\/good8.at\/index.php?rest_route=\/wp\/v2\/pages\/21\/revisions\/92"}],"wp:attachment":[{"href":"https:\/\/good8.at\/index.php?rest_route=%2Fwp%2Fv2%2Fmedia&parent=21"}],"curies":[{"name":"wp","href":"https:\/\/api.w.org\/{rel}","templated":true}]}}