{"id":19,"date":"2021-05-20T17:55:31","date_gmt":"2021-05-20T17:55:31","guid":{"rendered":"https:\/\/good8.at\/?page_id=19"},"modified":"2021-05-30T14:04:11","modified_gmt":"2021-05-30T14:04:11","slug":"19-2","status":"publish","type":"page","link":"https:\/\/good8.at\/","title":{"rendered":"Homepage"},"content":{"rendered":"\n<p>Ziviltechnikerb\u00fcro DI Arch. Alrun Ebner-Eusch<\/p>\n\n\n\n<p>Gutachten, Parifizierungen, Beweissicherung, Sch\u00e4tzungen, Planungen<\/p>\n\n\n\n<p>Glemmerstra\u00dfe 155<\/p>\n\n\n\n<p>5752 Viehhofen <\/p>\n\n\n\n<p>Tel. 0043 660 6370613<\/p>\n\n\n\n<p>email: office@good8.at \/ alruneusch@gmail.com<\/p>\n","protected":false},"excerpt":{"rendered":"<p>Ziviltechnikerb\u00fcro DI Arch. Alrun Ebner-Eusch Gutachten, Parifizierungen, Beweissicherung, Sch\u00e4tzungen, Planungen Glemmerstra\u00dfe 155 5752 Viehhofen Tel. 0043 660 6370613 email: office@good8.at \/ alruneusch@gmail.com<\/p>\n","protected":false},"author":2,"featured_media":0,"parent":0,"menu_order":0,"comment_status":"closed","ping_status":"closed","template":"","meta":{"footnotes":""},"class_list":["post-19","page","type-page","status-publish","hentry"],"_links":{"self":[{"href":"https:\/\/good8.at\/index.php?rest_route=\/wp\/v2\/pages\/19","targetHints":{"allow":["GET"]}}],"collection":[{"href":"https:\/\/good8.at\/index.php?rest_route=\/wp\/v2\/pages"}],"about":[{"href":"https:\/\/good8.at\/index.php?rest_route=\/wp\/v2\/types\/page"}],"author":[{"embeddable":true,"href":"https:\/\/good8.at\/index.php?rest_route=\/wp\/v2\/users\/2"}],"replies":[{"embeddable":true,"href":"https:\/\/good8.at\/index.php?rest_route=%2Fwp%2Fv2%2Fcomments&post=19"}],"version-history":[{"count":10,"href":"https:\/\/good8.at\/index.php?rest_route=\/wp\/v2\/pages\/19\/revisions"}],"predecessor-version":[{"id":83,"href":"https:\/\/good8.at\/index.php?rest_route=\/wp\/v2\/pages\/19\/revisions\/83"}],"wp:attachment":[{"href":"https:\/\/good8.at\/index.php?rest_route=%2Fwp%2Fv2%2Fmedia&parent=19"}],"curies":[{"name":"wp","href":"https:\/\/api.w.org\/{rel}","templated":true}]}}